{"id":435,"date":"2026-02-03T13:19:59","date_gmt":"2026-02-03T13:19:59","guid":{"rendered":"https:\/\/soulofleila.com\/?page_id=435"},"modified":"2026-04-24T11:15:56","modified_gmt":"2026-04-24T11:15:56","slug":"mesafeli-satis-sozlesmesi","status":"publish","type":"page","link":"https:\/\/www.soulofleila.com\/tr\/mesafeli-satis-sozlesmesi\/","title":{"rendered":"Mesafeli Sat\u0131\u015f S\u00f6zle\u015fmesi"},"content":{"rendered":"\n<div style=\"max-width: 900px; margin: auto; font-family: Arial, sans-serif; line-height: 1.6; color: #333;\">\n\n  <h1 style=\"text-align:center;\">Mesafeli Sat\u0131\u015f S\u00f6zle\u015fmesi<\/h1>\n\n  \n<h2>1. Taraflar<\/h2>\n\n<p>\n<strong>1.1. Sat\u0131c\u0131<\/strong><br>\n<strong>\u00dcnvan:<\/strong> Soul of Leila<br>\n<strong>Adres:<\/strong> Adalet Mah. Manas Bulvar\u0131 Folkart Towers B Kule No:39 K.25 Kap\u0131 No:2511 Bayrakl\u0131 \/ \u0130zmir<br>\n<strong>Telefon:<\/strong> +90 501 013 27 77<br>\n<strong>E-posta:<\/strong> soulofleila@gmail.com<br>\n<strong>MERS\u0130S \/ Vergi No:<\/strong> 21091339312\n<\/p>\n\n<p>\n<strong>1.2. Al\u0131c\u0131<\/strong><br>\nSipari\u015f veren ve\/veya \u00fcr\u00fcn teslim edilen ki\u015fidir. Bundan sonra <strong>\u201cALICI\u201d<\/strong> olarak an\u0131lacakt\u0131r.\n<\/p>\n\n<h2>2. Konu<\/h2>\n\n<p>\n\u0130\u015fbu S\u00f6zle\u015fme&#8217;nin konusu, ALICI&#8217;n\u0131n SATICI&#8217;ya ait <strong>www.soulofleila.com<\/strong> internet sitesi \u00fczerinden elektronik ortamda sipari\u015fini verdi\u011fi, nitelikleri ve sat\u0131\u015f fiyat\u0131 belirtilen \u00fcr\u00fcn\u00fcn sat\u0131\u015f\u0131 ve teslimi ile ilgili olarak 6502 say\u0131l\u0131 T\u00fcketicinin Korunmas\u0131 Hakk\u0131nda Kanun ve Mesafeli S\u00f6zle\u015fmeler Y\u00f6netmeli\u011fi h\u00fck\u00fcmleri uyar\u0131nca taraflar\u0131n hak ve y\u00fck\u00fcml\u00fcl\u00fcklerinin belirlenmesidir.\n<\/p>\n\n<h2>3. S\u00f6zle\u015fme Konusu \u00dcr\u00fcn ve \u00d6deme Bilgileri<\/h2>\n\n<p>\nElektronik ortamda al\u0131nan \u00fcr\u00fcnlerin cinsi, miktar\u0131, sat\u0131\u015f bedeli, \u00f6deme \u015fekli ve teslimat bilgileri sipari\u015fin sonland\u0131\u011f\u0131 andaki gibidir ve ALICI\u2019n\u0131n e-posta adresine g\u00f6nderilen fatura\/sipari\u015f \u00f6zeti ile sabittir.\n<\/p>\n\n<h2>4. Genel H\u00fck\u00fcmler<\/h2>\n\n<ul>\n  <li>\n    <strong>4.1.<\/strong> ALICI, s\u00f6zle\u015fme konusu \u00fcr\u00fcn\u00fcn temel nitelikleri, fiyat\u0131 ve \u00f6deme \u015fekli ile teslimata ili\u015fkin \u00f6n bilgilendirme formunu okuyup bilgi sahibi oldu\u011funu ve onay verdi\u011fini kabul eder.\n  <\/li>\n  <li>\n    <strong>4.2.<\/strong> S\u00f6zle\u015fme konusu \u00fcr\u00fcn, yasal 30 g\u00fcnl\u00fck s\u00fcreyi a\u015fmamak kayd\u0131yla ALICI&#8217;n\u0131n yerle\u015fim yerinin uzakl\u0131\u011f\u0131na ba\u011fl\u0131 olarak ALICI veya g\u00f6sterdi\u011fi adresteki ki\u015fi\/kurulu\u015fa teslim edilir.\n  <\/li>\n  <li>\n    <strong>4.3.<\/strong> SATICI, s\u00f6zle\u015fme konusu \u00fcr\u00fcn\u00fcn sa\u011flam, eksiksiz, sipari\u015fte belirtilen niteliklere uygun ve varsa garanti belgeleri ile teslim edilmesinden sorumludur.\n  <\/li>\n<\/ul>\n\n<h2>5. Cayma Hakk\u0131 ve \u0130ade Ko\u015fullar\u0131<\/h2>\n\n<p>\n<strong>5.1.<\/strong> ALICI; \u00fcr\u00fcn\u00fcn kendisine veya g\u00f6sterdi\u011fi adresteki ki\u015fi\/kurulu\u015fa tesliminden itibaren 14 (ond\u00f6rt) g\u00fcn i\u00e7inde, herhangi bir gerek\u00e7e g\u00f6stermeksizin ve cezai \u015fart \u00f6demeksizin s\u00f6zle\u015fmeden cayma hakk\u0131na sahiptir.\n<\/p>\n\n<p>\n<strong>5.2. \u00d6zel \u0130ade Ko\u015fullar\u0131 \u2014 Hassas \u00dcr\u00fcnler:<\/strong> SATICI taraf\u0131ndan sat\u0131\u015f\u0131 yap\u0131lan \u00fcr\u00fcnlerin b\u00fcy\u00fck bir k\u0131sm\u0131 %100 saf ipek ve %70 ipek \/ %30 mikrofilament gibi y\u00fcksek hassasiyete sahip do\u011fal liflerden olu\u015fmaktad\u0131r. Bu \u00fcr\u00fcnler yap\u0131lar\u0131 gere\u011fi;\n<\/p>\n\n<ul>\n  <li>\n    Tek seferlik denemede dahi v\u00fccut teri, parf\u00fcm, deodorant veya makyaj kal\u0131nt\u0131s\u0131 ile temas etmesi halinde hijyenik \u00f6zelli\u011fini yitirebilir.\n  <\/li>\n  <li>\n    Hassas dokular\u0131 sebebiyle tak\u0131, t\u0131rnak veya yanl\u0131\u015f katlama sonucu iplik \u00e7ekilmesi, doku zedelenmesi ve kal\u0131c\u0131 form kayb\u0131na, yani deformasyona u\u011frayabilir.\n  <\/li>\n<\/ul>\n\n<p>\n<strong>5.3.<\/strong> Bu kapsamda; ambalaj\u0131 a\u00e7\u0131lm\u0131\u015f, etiketi kopar\u0131lm\u0131\u015f, koruyucu g\u00fcvenlik kilidi \u00e7\u0131kar\u0131lm\u0131\u015f veya \u00fczerinde kullan\u0131m emaresi bulunan hassas ipekli \u00fcr\u00fcnlerde \u00fcr\u00fcn\u00fcn tekrar sat\u0131labilirlik \u00f6zelli\u011fini yitirmesi ve hijyen kurallar\u0131 gere\u011fi cayma hakk\u0131 kullan\u0131lamaz ve iade kabul edilmez.\n<\/p>\n\n<p>\nKullan\u0131m emaresi; leke, koku, doku bozulmas\u0131, iplik \u00e7ekilmesi, makyaj izi, ter izi, parf\u00fcm veya deodorant kokusu gibi durumlar\u0131 kapsar.\n<\/p>\n\n<p>\n<strong>5.4.<\/strong> \u0130ade edilmek istenen \u00fcr\u00fcnlerin; orijinal kutusu, varsa aksesuarlar\u0131 ve faturas\u0131 ile birlikte, hi\u00e7 kullan\u0131lmam\u0131\u015f ve hasar g\u00f6rmemi\u015f haliyle g\u00f6nderilmesi zorunludur.\n<\/p>\n\n<h2>6. M\u00fccbir Sebepler<\/h2>\n\n<p>\nTaraflar\u0131n kontrol\u00fc d\u0131\u015f\u0131nda geli\u015fen; do\u011fal afet, sava\u015f, grev, teknik altyap\u0131 ar\u0131zalar\u0131 gibi durumlar nedeniyle s\u00f6zle\u015fme konusu \u00fcr\u00fcn s\u00fcresi i\u00e7inde teslim edilemezse, SATICI durumu ALICI\u2019ya bildirmekle y\u00fck\u00fcml\u00fcd\u00fcr. Bu durumda ALICI sipari\u015fi iptal edebilir veya teslimat\u0131n engel kalkana kadar ertelenmesini isteyebilir.\n<\/p>\n\n<h2>7. Yetkili Mahkeme<\/h2>\n\n<p>\n\u0130\u015fbu s\u00f6zle\u015fmeden do\u011fan uyu\u015fmazl\u0131klarda, T.C. Ticaret Bakanl\u0131\u011f\u0131 taraf\u0131ndan ilan edilen de\u011fere kadar T\u00fcketici Hakem Heyetleri, bu de\u011ferin \u00fczerindeki uyu\u015fmazl\u0131klarda ise \u0130zmir T\u00fcketici Mahkemeleri yetkilidir.\n<\/p>\n\n<h2>8. Y\u00fcr\u00fcrl\u00fck<\/h2>\n\n<p>\nALICI, site \u00fczerinden verdi\u011fi sipari\u015fe ait \u00f6demeyi ger\u00e7ekle\u015ftirdi\u011finde i\u015fbu s\u00f6zle\u015fmenin t\u00fcm \u015fartlar\u0131n\u0131 kabul etmi\u015f say\u0131l\u0131r.\n<\/p>\n\n<p>\n<strong>SATICI:<\/strong> Soul of Leila<br>\n<strong>ALICI:<\/strong> {{ALICI_AD_SOYAD}}<br>\n<strong>TAR\u0130H:<\/strong> {{SOZLESME_TARIHI}}\n<\/p>\n\n<\/div>\n\n\n\n<p><\/p>\n","protected":false},"excerpt":{"rendered":"<p>Mesafeli Sat\u0131\u015f S\u00f6zle\u015fmesi 1. Taraflar 1.1. Sat\u0131c\u0131 \u00dcnvan: Soul of Leila Adres: Adalet Mah. Manas Bulvar\u0131 Folkart Towers B Kule No:39 K.25 Kap\u0131 No:2511 Bayrakl\u0131 \/ \u0130zmir Telefon: +90 501 013 27 77 E-posta: soulofleila@gmail.com MERS\u0130S \/ Vergi No: 21091339312 1.2. Al\u0131c\u0131 Sipari\u015f veren ve\/veya \u00fcr\u00fcn teslim edilen ki\u015fidir. Bundan sonra \u201cALICI\u201d olarak an\u0131lacakt\u0131r. 2. [&#8230;]\n","protected":false},"author":1,"featured_media":0,"parent":0,"menu_order":0,"comment_status":"closed","ping_status":"closed","template":"","meta":{"footnotes":""},"class_list":["post-435","page","type-page","status-publish","hentry"],"_links":{"self":[{"href":"https:\/\/www.soulofleila.com\/tr\/wp-json\/wp\/v2\/pages\/435","targetHints":{"allow":["GET"]}}],"collection":[{"href":"https:\/\/www.soulofleila.com\/tr\/wp-json\/wp\/v2\/pages"}],"about":[{"href":"https:\/\/www.soulofleila.com\/tr\/wp-json\/wp\/v2\/types\/page"}],"author":[{"embeddable":true,"href":"https:\/\/www.soulofleila.com\/tr\/wp-json\/wp\/v2\/users\/1"}],"replies":[{"embeddable":true,"href":"https:\/\/www.soulofleila.com\/tr\/wp-json\/wp\/v2\/comments?post=435"}],"version-history":[{"count":4,"href":"https:\/\/www.soulofleila.com\/tr\/wp-json\/wp\/v2\/pages\/435\/revisions"}],"predecessor-version":[{"id":901,"href":"https:\/\/www.soulofleila.com\/tr\/wp-json\/wp\/v2\/pages\/435\/revisions\/901"}],"wp:attachment":[{"href":"https:\/\/www.soulofleila.com\/tr\/wp-json\/wp\/v2\/media?parent=435"}],"curies":[{"name":"wp","href":"https:\/\/api.w.org\/{rel}","templated":true}]}}