{"id":1041,"date":"2013-08-11T19:06:15","date_gmt":"2013-08-11T19:06:15","guid":{"rendered":"https:\/\/soulofleila.com\/classic-shop\/about\/"},"modified":"2026-04-24T22:50:29","modified_gmt":"2026-04-24T22:50:29","slug":"about","status":"publish","type":"page","link":"https:\/\/www.soulofleila.com\/en\/about\/","title":{"rendered":"About"},"content":{"rendered":"\n<div style=\"max-width: 780px; margin: 0 auto; padding: 3rem 1.5rem;\">\n<p style=\"font-size: 11px; letter-spacing: 0.18em; text-transform: uppercase; color: #999; margin: 0 0 1rem;\">\n<h2 style=\"font-size: 28px; font-weight: 500; margin: 0 0 0.4rem; letter-spacing: 0.04em;\">Soul of Leila<\/h2>\n<p style=\"font-size: 13px; letter-spacing: 0.1em; text-transform: uppercase; color: #999; margin: 0.2rem 0 1.5rem;\">The Spirit of the Past, the Luxury of the Future<\/p>\n<p style=\"font-size: 15px; color: #555; line-height: 1.8; margin: 0 0 2.5rem;\">Soul of Leila is a meeting point for those who see fashion not just as a way of dressing, but as an art of being. Taking its name from ancient elegance and a free spirit, our brand draws inspiration from the world&#8217;s most captivating destinations in each collection, leaving a timeless mark on the modern woman&#8217;s wardrobe.<\/p>\n<hr style=\"border: none; border-top: 1px solid #eee; margin: 2rem 0;\">\n<p style=\"font-size: 11px; letter-spacing: 0.18em; text-transform: uppercase; color: #999; margin: 0 0 1rem;\">Our Vision<\/p>\n<p style=\"font-size: 15px; color: #555; line-height: 1.8; margin: 0 0 1.5rem;\">For us, luxury is not just about outward appearance, but also about the purity of the texture that touches your skin. We blend Vogue&#8217;s aesthetic with a sustainable mindset; we craft nature&#8217;s most precious gifts with high-quality tailoring.<\/p>\n<div style=\"display: flex; flex-wrap: wrap; gap: 1.5rem; margin: 2rem 0;\">\n<div style=\"flex: 1 1 200px; padding: 1.5rem; border: 1.5px solid #d4af8a; border-radius: 8px; background: #fdf9f5;\">\n<p style=\"font-size: 11px; letter-spacing: 0.14em; text-transform: uppercase; color: #b8895a; margin: 0 0 0.75rem;\">Pure Tissues<\/p>\n<p style=\"font-size: 13px; color: #555; line-height: 1.7; margin: 0;\">100% mulberry silk, exquisite orchid fibers, and breathable linen blends form the DNA of our collections.<\/p>\n<\/div>\n<div style=\"flex: 1 1 200px; padding: 1.5rem; border: 1.5px solid #d4af8a; border-radius: 8px; background: #fdf9f5;\">\n<p style=\"font-size: 11px; letter-spacing: 0.14em; text-transform: uppercase; color: #b8895a; margin: 0 0 0.75rem;\">Craftsmanship<\/p>\n<p style=\"font-size: 13px; color: #555; line-height: 1.7; margin: 0;\">Each stitch is made using High-Tailoring principles, reflecting a perfect balance of craftsmanship and modern design.<\/p>\n<\/div>\n<div style=\"flex: 1 1 200px; padding: 1.5rem; border: 1.5px solid #d4af8a; border-radius: 8px; background: #fdf9f5;\">\n<p style=\"font-size: 11px; letter-spacing: 0.14em; text-transform: uppercase; color: #b8895a; margin: 0 0 0.75rem;\">Sustainability<\/p>\n<p style=\"font-size: 13px; color: #555; line-height: 1.7; margin: 0;\">Respect for nature is at the heart of our design process. We are bringing luxury into the future with ecological fabrics made from bamboo fibers.Bambu liflerinden elde edilen ekolojik dokularla l\u00fcks\u00fc gelece\u011fe ta\u015f\u0131yoruz.<\/p>\n<\/div>\n<\/div>\n<hr style=\"border: none; border-top: 1px solid #eee; margin: 2rem 0;\">\n<p style=\"font-size: 11px; letter-spacing: 0.18em; text-transform: uppercase; color: #999; margin: 0 0 1rem;\">Soul of Leila Woman<\/p>\n<p style=\"font-size: 15px; color: #555; line-height: 1.8; margin: 0 0 2rem;\">She has a free spirit, carrying her own atmosphere with her wherever she goes. A visionary who embraces effortless style as a rule, never compromises on quality, and pursues designs that tell a story. We accompany her story with the purest silks.<\/p>\n<p style=\"font-size: 11px; letter-spacing: 0.18em; text-transform: uppercase; color: #999; margin: 0 0 1rem;\">Our Aesthetic Approach<\/p>\n<p style=\"font-size: 15px; color: #555; line-height: 1.8; margin: 0 0 1.5rem;\">We combine the power of minimalism with a maximalist passion. The fluid silhouettes in our designs offer freedom of movement at any time of day, while artistic details represent the sophisticated world of Soul of Leila.<\/p>\n<div style=\"border-left: 2px solid #d4af8a; padding: 0.5rem 0 0.5rem 1.25rem; margin: 2rem 0 0;\">\n<p style=\"font-size: 15px; font-style: italic; color: #555; margin: 0; line-height: 1.8;\">&#8220;We don&#8217;t just design clothes; we write poems woven from silk, linen, and passion.&#8221;<\/p>\n<\/div>\n<\/div>\n\n\n","protected":false},"excerpt":{"rendered":"","protected":false},"author":1,"featured_media":907,"parent":0,"menu_order":0,"comment_status":"closed","ping_status":"closed","template":"","meta":{"footnotes":""},"class_list":["post-1041","page","type-page","status-publish","has-post-thumbnail","hentry"],"_links":{"self":[{"href":"https:\/\/www.soulofleila.com\/en\/wp-json\/wp\/v2\/pages\/1041","targetHints":{"allow":["GET"]}}],"collection":[{"href":"https:\/\/www.soulofleila.com\/en\/wp-json\/wp\/v2\/pages"}],"about":[{"href":"https:\/\/www.soulofleila.com\/en\/wp-json\/wp\/v2\/types\/page"}],"author":[{"embeddable":true,"href":"https:\/\/www.soulofleila.com\/en\/wp-json\/wp\/v2\/users\/1"}],"replies":[{"embeddable":true,"href":"https:\/\/www.soulofleila.com\/en\/wp-json\/wp\/v2\/comments?post=1041"}],"version-history":[{"count":1,"href":"https:\/\/www.soulofleila.com\/en\/wp-json\/wp\/v2\/pages\/1041\/revisions"}],"predecessor-version":[{"id":1042,"href":"https:\/\/www.soulofleila.com\/en\/wp-json\/wp\/v2\/pages\/1041\/revisions\/1042"}],"wp:featuredmedia":[{"embeddable":true,"href":"https:\/\/www.soulofleila.com\/en\/wp-json\/wp\/v2\/media\/907"}],"wp:attachment":[{"href":"https:\/\/www.soulofleila.com\/en\/wp-json\/wp\/v2\/media?parent=1041"}],"curies":[{"name":"wp","href":"https:\/\/api.w.org\/{rel}","templated":true}]}}